{"id":69,"date":"2020-04-04T00:02:49","date_gmt":"2020-04-04T00:02:49","guid":{"rendered":"https:\/\/demosites.io\/consultants-gb\/?page_id=69"},"modified":"2022-04-01T14:01:11","modified_gmt":"2022-04-01T12:01:11","slug":"b34cf-home","status":"publish","type":"page","link":"https:\/\/atmtrade.pl\/","title":{"rendered":"Home"},"content":{"rendered":"\n<div id=\"wp-block-themeisle-blocks-advanced-columns-b8cac1e0\" class=\"wp-block-themeisle-blocks-advanced-columns alignfull has-1-columns has-desktop-equal-layout has-tablet-equal-layout has-mobile-equal-layout has-vertical-unset\"><div class=\"wp-block-themeisle-blocks-advanced-columns-overlay\"><\/div><div class=\"innerblocks-wrap\">\n<div id=\"wp-block-themeisle-blocks-advanced-column-abedc041\" class=\"wp-block-themeisle-blocks-advanced-column\">\n<span id=\"wp-block-themeisle-blocks-advanced-heading-c804e50b\" class=\"wp-block-themeisle-blocks-advanced-heading wp-block-themeisle-blocks-advanced-heading-c804e50b\"><strong> <\/strong><\/span>\n\n\n\n<div style=\"height:20px\" aria-hidden=\"true\" class=\"wp-block-spacer\"><\/div>\n\n\n\n<h1 class=\"has-text-align-center has-nv-text-dark-bg-color has-text-color wp-block-heading\"> Zapraszamy do wsp\u00f3\u0142pracy<\/h1>\n\n\n\n<div style=\"height:20px\" aria-hidden=\"true\" class=\"wp-block-spacer\"><\/div>\n\n\n\n<div id=\"wp-block-themeisle-blocks-button-group-0dc31828\" class=\"wp-block-themeisle-blocks-button-group wp-block-buttons align-center\">\n<div id=\"wp-block-themeisle-blocks-button-845ee66b\" class=\"wp-block-themeisle-blocks-button wp-block-button\"><a href=\"https:\/\/atmtrade.pl\/?page_id=2\" target=\"_self\" rel=\"noopener noreferrer\" class=\"wp-block-button__link\"><span><strong>wi\u0119cej<\/strong><\/span><\/a><\/div>\n<\/div>\n<\/div>\n<\/div><\/div>\n\n\n\n<section id=\"wp-block-themeisle-blocks-advanced-columns-debe9c02\" class=\"wp-block-themeisle-blocks-advanced-columns alignfull has-2-columns has-desktop-equal-layout has-tablet-equal-layout has-mobile-collapsedRows-layout has-vertical-center\"><div class=\"wp-block-themeisle-blocks-advanced-columns-overlay\"><\/div><div class=\"innerblocks-wrap\">\n<div id=\"wp-block-themeisle-blocks-advanced-column-1cf06e66\" class=\"wp-block-themeisle-blocks-advanced-column\">\n<h1 id=\"wp-block-themeisle-blocks-advanced-heading-b7196eeb\" class=\"wp-block-themeisle-blocks-advanced-heading wp-block-themeisle-blocks-advanced-heading-b7196eeb\">Firma z zasadami<\/h1>\n\n\n\n<div style=\"height:20px\" aria-hidden=\"true\" class=\"wp-block-spacer\"><\/div>\n\n\n\n<p class=\"has-text-align-left\">Od 2007 roku zajmujemy si\u0119 sprzeda\u017c\u0105 soli do przemys\u0142u spo\u017cywczego, paszowego, chemicznego i na zimowe utrzymanie dr\u00f3g. Przez te parena\u015bcie lat rozwineli\u015bmy si\u0119 staj\u0105c si\u0119 jednym z lider\u00f3w w bra\u0144\u017cy solnej. Nasza firma jest firm\u0105 rodzinn\u0105 i tak te\u017c podchodzimy do Naszych klient\u00f3w z kt\u00f3rymi wsp\u00f3\u0142pracujemy ju\u017c od prawie pocz\u0105tku naszej dzia\u0142alno\u015bci.<\/p>\n<\/div>\n\n\n\n<div id=\"wp-block-themeisle-blocks-advanced-column-11e58f7d\" class=\"wp-block-themeisle-blocks-advanced-column\">\n<figure class=\"wp-block-image size-full\"><img loading=\"lazy\" decoding=\"async\" width=\"840\" height=\"560\" src=\"https:\/\/atmtrade.pl\/wp-content\/uploads\/2022\/04\/halotherapy.png\" alt=\"\" class=\"wp-image-307\" srcset=\"https:\/\/atmtrade.pl\/wp-content\/uploads\/2022\/04\/halotherapy.png 840w, https:\/\/atmtrade.pl\/wp-content\/uploads\/2022\/04\/halotherapy-300x200.png 300w, https:\/\/atmtrade.pl\/wp-content\/uploads\/2022\/04\/halotherapy-768x512.png 768w\" sizes=\"auto, (max-width: 840px) 100vw, 840px\" \/><\/figure>\n<\/div>\n<\/div><\/section>\n\n\n\n<div id=\"wp-block-themeisle-blocks-advanced-columns-56e6a598\" class=\"wp-block-themeisle-blocks-advanced-columns alignfull has-1-columns has-desktop-equal-layout has-tablet-equal-layout has-mobile-equal-layout has-vertical-unset\"><div class=\"wp-block-themeisle-blocks-advanced-columns-overlay\"><\/div><div class=\"innerblocks-wrap\">\n<div id=\"wp-block-themeisle-blocks-advanced-column-a1680bf6\" class=\"wp-block-themeisle-blocks-advanced-column\">\n<h3 id=\"wp-block-themeisle-blocks-advanced-heading-ee6014ff\" class=\"wp-block-themeisle-blocks-advanced-heading wp-block-themeisle-blocks-advanced-heading-ee6014ff\"> Wszystkich kt\u00f3rzy chcieli by skorzysta\u0107 z naszej oferty zach\u0119camy do kontaktu, a stworzymy ofert\u0119 pod konkretne potrzeby klienta.<\/h3>\n<\/div>\n<\/div><\/div>\n\n\n\n<section id=\"wp-block-themeisle-blocks-advanced-columns-6013fee3\" class=\"wp-block-themeisle-blocks-advanced-columns alignfull has-2-columns has-desktop-equal-layout has-tablet-equal-layout has-mobile-collapsedRows-layout has-vertical-flex-start\"><div class=\"wp-block-themeisle-blocks-advanced-columns-overlay\"><\/div><div class=\"innerblocks-wrap\">\n<div id=\"wp-block-themeisle-blocks-advanced-column-1a42e736\" class=\"wp-block-themeisle-blocks-advanced-column\">\n<h3 class=\"has-text-align-center wp-block-heading\">Piotr \u0141ozowski<\/h3>\n\n\n\n<p class=\"has-text-align-center\">+48 793 914 767<\/p>\n<\/div>\n\n\n\n<div id=\"wp-block-themeisle-blocks-advanced-column-ea6d1956\" class=\"wp-block-themeisle-blocks-advanced-column\">\n<h3 class=\"has-text-align-center wp-block-heading\">Adam \u0141ozowski<\/h3>\n\n\n\n<p class=\"has-text-align-center\">+48 792 232 993<\/p>\n<\/div>\n<\/div><\/section>\n\n\n\n<div id=\"wp-block-themeisle-blocks-advanced-columns-3c413b84\" class=\"wp-block-themeisle-blocks-advanced-columns alignfull has-2-columns has-desktop-equal-layout has-tablet-equal-layout has-mobile-collapsedRows-layout has-vertical-center\"><div class=\"wp-block-themeisle-blocks-advanced-columns-overlay\"><\/div><div class=\"innerblocks-wrap\">\n<div id=\"wp-block-themeisle-blocks-advanced-column-984a27ca\" class=\"wp-block-themeisle-blocks-advanced-column\">\n<h2 id=\"wp-block-themeisle-blocks-advanced-heading-afb0b709\" class=\"wp-block-themeisle-blocks-advanced-heading wp-block-themeisle-blocks-advanced-heading-afb0b709\">Szukasz partnera w biznesie?  <\/h2>\n\n\n\n<p class=\"has-nv-text-dark-bg-color has-text-color\" style=\"font-size:21px\"> Skontaktuj si\u0119 z nami! <\/p>\n<\/div>\n\n\n\n<div id=\"wp-block-themeisle-blocks-advanced-column-5445e257\" class=\"wp-block-themeisle-blocks-advanced-column\">\n<div id=\"wp-block-themeisle-blocks-button-group-8f4041ad\" class=\"wp-block-themeisle-blocks-button-group wp-block-buttons contact__btn ticss-69e8c2a6\">\n<div id=\"wp-block-themeisle-blocks-button-6a531a90\" class=\"wp-block-themeisle-blocks-button wp-block-button\"><a href=\"https:\/\/atmtrade.pl\/?page_id=93\" target=\"_self\" rel=\"noopener noreferrer\" class=\"wp-block-button__link\"><span>Napisz!<\/span><\/a><\/div>\n<\/div>\n<\/div>\n<\/div><\/div>\n","protected":false},"excerpt":{"rendered":"","protected":false},"author":1,"featured_media":0,"parent":0,"menu_order":0,"comment_status":"closed","ping_status":"closed","template":"page-templates\/template-pagebuilder-full-width.php","meta":{"neve_meta_sidebar":"full-width","neve_meta_container":"contained","neve_meta_enable_content_width":"on","neve_meta_content_width":100,"neve_meta_title_alignment":"","neve_meta_author_avatar":"","neve_post_elements_order":"","neve_meta_disable_header":"","neve_meta_disable_footer":"","neve_meta_disable_title":"on","_themeisle_gutenberg_block_has_review":false,"_ti_tpc_template_sync":false,"_ti_tpc_template_id":"z88be5axpb1k1cearsxu","footnotes":""},"class_list":["post-69","page","type-page","status-publish","hentry"],"_links":{"self":[{"href":"https:\/\/atmtrade.pl\/index.php?rest_route=\/wp\/v2\/pages\/69","targetHints":{"allow":["GET"]}}],"collection":[{"href":"https:\/\/atmtrade.pl\/index.php?rest_route=\/wp\/v2\/pages"}],"about":[{"href":"https:\/\/atmtrade.pl\/index.php?rest_route=\/wp\/v2\/types\/page"}],"author":[{"embeddable":true,"href":"https:\/\/atmtrade.pl\/index.php?rest_route=\/wp\/v2\/users\/1"}],"replies":[{"embeddable":true,"href":"https:\/\/atmtrade.pl\/index.php?rest_route=%2Fwp%2Fv2%2Fcomments&post=69"}],"version-history":[{"count":24,"href":"https:\/\/atmtrade.pl\/index.php?rest_route=\/wp\/v2\/pages\/69\/revisions"}],"predecessor-version":[{"id":324,"href":"https:\/\/atmtrade.pl\/index.php?rest_route=\/wp\/v2\/pages\/69\/revisions\/324"}],"wp:attachment":[{"href":"https:\/\/atmtrade.pl\/index.php?rest_route=%2Fwp%2Fv2%2Fmedia&parent=69"}],"curies":[{"name":"wp","href":"https:\/\/api.w.org\/{rel}","templated":true}]}}